{"id":1083,"date":"2026-01-28T19:51:27","date_gmt":"2026-01-28T19:51:27","guid":{"rendered":"https:\/\/skyphone.ec\/?post_type=product&#038;p=1083"},"modified":"2026-04-06T15:44:50","modified_gmt":"2026-04-06T15:44:50","slug":"cmf-buds","status":"publish","type":"product","link":"https:\/\/skyphone.ec\/index.php\/producto\/cmf-buds\/","title":{"rendered":"CMF Buds"},"content":{"rendered":"<p>Los CMF Buds de Nothing son auriculares inal\u00e1mbricos econ\u00f3micos destacados por su cancelaci\u00f3n activa de ruido (ANC) de hasta 42 dB, drivers din\u00e1micos de 12.4 mm para graves potentes (Ultra Bass 2.0) y una autonom\u00eda total de hasta 35.5 horas con el estuche. Cuentan con Bluetooth 5.3, resistencia IP54 al polvo\/agua y 4 micr\u00f3fonos con IA para llamadas claras<\/p>\n<p><strong>NOTA: (CONSULTAR DISPONIBILIDAD DE COLORES A TRAVES DE NUESTRO WHATSAPP ANTES DE REALIZAR TU COMPRA)<\/strong><\/p>\n","protected":false},"excerpt":{"rendered":"<p>Los CMF Buds de Nothing son auriculares inal\u00e1mbricos econ\u00f3micos destacados por su cancelaci\u00f3n activa de ruido (ANC) de hasta 42 dB, drivers din\u00e1micos de 12.4 mm para graves potentes (Ultra Bass 2.0) y una autonom\u00eda total de hasta 35.5 horas con el estuche. Cuentan con Bluetooth 5.3, resistencia IP54 al polvo\/agua y 4 micr\u00f3fonos con [&hellip;]<\/p>\n","protected":false},"featured_media":1084,"comment_status":"open","ping_status":"closed","template":"","meta":[],"product_brand":[],"product_cat":[65,68],"product_tag":[],"class_list":{"0":"post-1083","1":"product","2":"type-product","3":"status-publish","4":"has-post-thumbnail","6":"product_cat-audifonos","7":"product_cat-cmf","9":"first","10":"instock","11":"shipping-taxable","12":"product-type-simple"},"_links":{"self":[{"href":"https:\/\/skyphone.ec\/index.php\/wp-json\/wp\/v2\/product\/1083","targetHints":{"allow":["GET"]}}],"collection":[{"href":"https:\/\/skyphone.ec\/index.php\/wp-json\/wp\/v2\/product"}],"about":[{"href":"https:\/\/skyphone.ec\/index.php\/wp-json\/wp\/v2\/types\/product"}],"replies":[{"embeddable":true,"href":"https:\/\/skyphone.ec\/index.php\/wp-json\/wp\/v2\/comments?post=1083"}],"wp:featuredmedia":[{"embeddable":true,"href":"https:\/\/skyphone.ec\/index.php\/wp-json\/wp\/v2\/media\/1084"}],"wp:attachment":[{"href":"https:\/\/skyphone.ec\/index.php\/wp-json\/wp\/v2\/media?parent=1083"}],"wp:term":[{"taxonomy":"product_brand","embeddable":true,"href":"https:\/\/skyphone.ec\/index.php\/wp-json\/wp\/v2\/product_brand?post=1083"},{"taxonomy":"product_cat","embeddable":true,"href":"https:\/\/skyphone.ec\/index.php\/wp-json\/wp\/v2\/product_cat?post=1083"},{"taxonomy":"product_tag","embeddable":true,"href":"https:\/\/skyphone.ec\/index.php\/wp-json\/wp\/v2\/product_tag?post=1083"}],"curies":[{"name":"wp","href":"https:\/\/api.w.org\/{rel}","templated":true}]}}