{"id":1072,"date":"2026-01-25T19:47:32","date_gmt":"2026-01-25T19:47:32","guid":{"rendered":"https:\/\/skyphone.ec\/?post_type=product&#038;p=1072"},"modified":"2026-03-17T17:00:22","modified_gmt":"2026-03-17T17:00:22","slug":"redmi-buds-6-play","status":"publish","type":"product","link":"https:\/\/skyphone.ec\/index.php\/producto\/redmi-buds-6-play\/","title":{"rendered":"Redmi Buds 6 Play"},"content":{"rendered":"<p><strong>Caracter\u00edsticas:<\/strong><\/p>\n<p>Dimensiones: Estuche 53.9 x 53,9 x 27,4 mm &#8211; Auriculares 20.6 x 14,5 x 22 mm<br \/>\nPeso Estuche: 32.8 gr &#8211; Auriculares: 3.6 gr<br \/>\nConexi\u00f3n: Bluetooth 5.3, C\u00f3dec SBC<br \/>\nCompatibilidad: Android y iOS<br \/>\nBater\u00eda: Estuche 600 mAh &#8211; Auriculares 57 mAh<br \/>\n7,5 horas por auricular &#8211; 36 horas con estuche<br \/>\nOtros: Compatibles con la app de Xiaomi Earbuds<\/p>\n<p><strong>NOTA: (CONSULTAR DISPONIBILIDAD DE COLORES A TRAVES DE NUESTRO WHATSAPP ANTES DE REALIZAR TU COMPRA)<\/strong><\/p>\n","protected":false},"excerpt":{"rendered":"<p>Caracter\u00edsticas: Dimensiones: Estuche 53.9 x 53,9 x 27,4 mm &#8211; Auriculares 20.6 x 14,5 x 22 mm Peso Estuche: 32.8 gr &#8211; Auriculares: 3.6 gr Conexi\u00f3n: Bluetooth 5.3, C\u00f3dec SBC Compatibilidad: Android y iOS Bater\u00eda: Estuche 600 mAh &#8211; Auriculares 57 mAh 7,5 horas por auricular &#8211; 36 horas con estuche Otros: Compatibles con la [&hellip;]<\/p>\n","protected":false},"featured_media":1073,"comment_status":"open","ping_status":"closed","template":"","meta":[],"product_brand":[],"product_cat":[65,84],"product_tag":[],"class_list":{"0":"post-1072","1":"product","2":"type-product","3":"status-publish","4":"has-post-thumbnail","6":"product_cat-audifonos","7":"product_cat-redmi-audifonos","9":"first","10":"instock","11":"featured","12":"shipping-taxable","13":"product-type-simple"},"_links":{"self":[{"href":"https:\/\/skyphone.ec\/index.php\/wp-json\/wp\/v2\/product\/1072","targetHints":{"allow":["GET"]}}],"collection":[{"href":"https:\/\/skyphone.ec\/index.php\/wp-json\/wp\/v2\/product"}],"about":[{"href":"https:\/\/skyphone.ec\/index.php\/wp-json\/wp\/v2\/types\/product"}],"replies":[{"embeddable":true,"href":"https:\/\/skyphone.ec\/index.php\/wp-json\/wp\/v2\/comments?post=1072"}],"wp:featuredmedia":[{"embeddable":true,"href":"https:\/\/skyphone.ec\/index.php\/wp-json\/wp\/v2\/media\/1073"}],"wp:attachment":[{"href":"https:\/\/skyphone.ec\/index.php\/wp-json\/wp\/v2\/media?parent=1072"}],"wp:term":[{"taxonomy":"product_brand","embeddable":true,"href":"https:\/\/skyphone.ec\/index.php\/wp-json\/wp\/v2\/product_brand?post=1072"},{"taxonomy":"product_cat","embeddable":true,"href":"https:\/\/skyphone.ec\/index.php\/wp-json\/wp\/v2\/product_cat?post=1072"},{"taxonomy":"product_tag","embeddable":true,"href":"https:\/\/skyphone.ec\/index.php\/wp-json\/wp\/v2\/product_tag?post=1072"}],"curies":[{"name":"wp","href":"https:\/\/api.w.org\/{rel}","templated":true}]}}