{"id":1066,"date":"2026-01-24T17:05:55","date_gmt":"2026-01-24T17:05:55","guid":{"rendered":"https:\/\/skyphone.ec\/?post_type=product&#038;p=1066"},"modified":"2026-01-24T17:08:52","modified_gmt":"2026-01-24T17:08:52","slug":"galaxy-buds-3fe","status":"publish","type":"product","link":"https:\/\/skyphone.ec\/index.php\/producto\/galaxy-buds-3fe\/","title":{"rendered":"Galaxy Buds 3 Fe"},"content":{"rendered":"<p>Dimensiones: Auriculares 19.2 x 20.8 x 33.8 mm \u2013 Estuche 50.0 x 50.0 x 27.7 mm<br \/>\nPeso: Auriculares 5.6 g \u2013 Estuche 40 g<br \/>\nConectividad: Bluetooth 5.3, c\u00f3decs Samsung Seamless, AAC, SBC<br \/>\nCompatibilidad: Android e iOS<br \/>\nBater\u00eda: Auricular 60 mAh \u2013 Estuche 479 mAh \u2013 Hasta 6 h (con ANC) \/ 30 h totales<br \/>\nResistencia: Certificaci\u00f3n IPX2 (resistente a salpicaduras)<br \/>\nMicr\u00f3fonos: Triple micr\u00f3fono con cancelaci\u00f3n activa de ruido (ANC)<br \/>\nControles: T\u00e1ctiles<br \/>\nSensores: Aceler\u00f3metro<\/p>\n<p><strong>NOTA: (CONSULTAR DISPONIBILIDAD DE COLORES A TRAV\u00c9S DE NUESTRO WHATSAPP ANTES DE REALIZAR TU COMPRA)<\/strong><\/p>\n","protected":false},"excerpt":{"rendered":"<p>Dimensiones: Auriculares 19.2 x 20.8 x 33.8 mm \u2013 Estuche 50.0 x 50.0 x 27.7 mm Peso: Auriculares 5.6 g \u2013 Estuche 40 g Conectividad: Bluetooth 5.3, c\u00f3decs Samsung Seamless, AAC, SBC Compatibilidad: Android e iOS Bater\u00eda: Auricular 60 mAh \u2013 Estuche 479 mAh \u2013 Hasta 6 h (con ANC) \/ 30 h totales Resistencia: [&hellip;]<\/p>\n","protected":false},"featured_media":1067,"comment_status":"open","ping_status":"closed","template":"","meta":[],"product_brand":[],"product_cat":[65,66],"product_tag":[],"class_list":{"0":"post-1066","1":"product","2":"type-product","3":"status-publish","4":"has-post-thumbnail","6":"product_cat-audifonos","7":"product_cat-samsung-audifonos","9":"first","10":"instock","11":"shipping-taxable","12":"product-type-simple"},"_links":{"self":[{"href":"https:\/\/skyphone.ec\/index.php\/wp-json\/wp\/v2\/product\/1066","targetHints":{"allow":["GET"]}}],"collection":[{"href":"https:\/\/skyphone.ec\/index.php\/wp-json\/wp\/v2\/product"}],"about":[{"href":"https:\/\/skyphone.ec\/index.php\/wp-json\/wp\/v2\/types\/product"}],"replies":[{"embeddable":true,"href":"https:\/\/skyphone.ec\/index.php\/wp-json\/wp\/v2\/comments?post=1066"}],"wp:featuredmedia":[{"embeddable":true,"href":"https:\/\/skyphone.ec\/index.php\/wp-json\/wp\/v2\/media\/1067"}],"wp:attachment":[{"href":"https:\/\/skyphone.ec\/index.php\/wp-json\/wp\/v2\/media?parent=1066"}],"wp:term":[{"taxonomy":"product_brand","embeddable":true,"href":"https:\/\/skyphone.ec\/index.php\/wp-json\/wp\/v2\/product_brand?post=1066"},{"taxonomy":"product_cat","embeddable":true,"href":"https:\/\/skyphone.ec\/index.php\/wp-json\/wp\/v2\/product_cat?post=1066"},{"taxonomy":"product_tag","embeddable":true,"href":"https:\/\/skyphone.ec\/index.php\/wp-json\/wp\/v2\/product_tag?post=1066"}],"curies":[{"name":"wp","href":"https:\/\/api.w.org\/{rel}","templated":true}]}}