{"id":1064,"date":"2026-01-24T17:00:56","date_gmt":"2026-01-24T17:00:56","guid":{"rendered":"https:\/\/skyphone.ec\/?post_type=product&#038;p=1064"},"modified":"2026-01-24T17:05:37","modified_gmt":"2026-01-24T17:05:37","slug":"galaxy-buds3","status":"publish","type":"product","link":"https:\/\/skyphone.ec\/index.php\/producto\/galaxy-buds3\/","title":{"rendered":"Galaxy Buds 3"},"content":{"rendered":"<p>Dimensiones: Auriculares 18,1 x 20,4 x 31,9mm &#8211; Estuche 58,9 x 48,7 x 24,4mm<br \/>\nPeso: Auricular 4,7gr &#8211; Estuche de carga 46,5gr<br \/>\nConexi\u00f3n: Bluetooth 5.4, C\u00f3dec Samsung Seamless, SSC UHQ, AAC, SBC<br \/>\nCompatibilidad: iOS y Android<br \/>\nBater\u00eda: Auricular 48 mAh &#8211; Estuche de carga 515 mAh &#8211; Hasta 5 \/ 24 horas (ANC activa)<br \/>\nOtros: IP57, 3 micr\u00f3fonos, Toque y presi\u00f3n, Aceler\u00f3metro<\/p>\n<p><strong>NOTA: (CONSULTAR DISPONIBILIDAD DE COLORES A TRAV\u00c9S DE NUESTRO WHATSAPP ANTES DE REALIZAR TU COMPRA)<\/strong><\/p>\n","protected":false},"excerpt":{"rendered":"<p>Dimensiones: Auriculares 18,1 x 20,4 x 31,9mm &#8211; Estuche 58,9 x 48,7 x 24,4mm Peso: Auricular 4,7gr &#8211; Estuche de carga 46,5gr Conexi\u00f3n: Bluetooth 5.4, C\u00f3dec Samsung Seamless, SSC UHQ, AAC, SBC Compatibilidad: iOS y Android Bater\u00eda: Auricular 48 mAh &#8211; Estuche de carga 515 mAh &#8211; Hasta 5 \/ 24 horas (ANC activa) Otros: [&hellip;]<\/p>\n","protected":false},"featured_media":1065,"comment_status":"open","ping_status":"closed","template":"","meta":[],"product_brand":[],"product_cat":[65,66],"product_tag":[],"class_list":{"0":"post-1064","1":"product","2":"type-product","3":"status-publish","4":"has-post-thumbnail","6":"product_cat-audifonos","7":"product_cat-samsung-audifonos","9":"first","10":"instock","11":"shipping-taxable","12":"product-type-simple"},"_links":{"self":[{"href":"https:\/\/skyphone.ec\/index.php\/wp-json\/wp\/v2\/product\/1064","targetHints":{"allow":["GET"]}}],"collection":[{"href":"https:\/\/skyphone.ec\/index.php\/wp-json\/wp\/v2\/product"}],"about":[{"href":"https:\/\/skyphone.ec\/index.php\/wp-json\/wp\/v2\/types\/product"}],"replies":[{"embeddable":true,"href":"https:\/\/skyphone.ec\/index.php\/wp-json\/wp\/v2\/comments?post=1064"}],"wp:featuredmedia":[{"embeddable":true,"href":"https:\/\/skyphone.ec\/index.php\/wp-json\/wp\/v2\/media\/1065"}],"wp:attachment":[{"href":"https:\/\/skyphone.ec\/index.php\/wp-json\/wp\/v2\/media?parent=1064"}],"wp:term":[{"taxonomy":"product_brand","embeddable":true,"href":"https:\/\/skyphone.ec\/index.php\/wp-json\/wp\/v2\/product_brand?post=1064"},{"taxonomy":"product_cat","embeddable":true,"href":"https:\/\/skyphone.ec\/index.php\/wp-json\/wp\/v2\/product_cat?post=1064"},{"taxonomy":"product_tag","embeddable":true,"href":"https:\/\/skyphone.ec\/index.php\/wp-json\/wp\/v2\/product_tag?post=1064"}],"curies":[{"name":"wp","href":"https:\/\/api.w.org\/{rel}","templated":true}]}}