{"id":1060,"date":"2026-01-24T16:47:15","date_gmt":"2026-01-24T16:47:15","guid":{"rendered":"https:\/\/skyphone.ec\/?post_type=product&#038;p=1060"},"modified":"2026-01-24T16:57:19","modified_gmt":"2026-01-24T16:57:19","slug":"blackview-airbuds8","status":"publish","type":"product","link":"https:\/\/skyphone.ec\/index.php\/producto\/blackview-airbuds8\/","title":{"rendered":"Blackview Airbuds 8"},"content":{"rendered":"<p>Peso: Auricular 4,1gr &#8211; Estuche de carga 40gr<br \/>\nConexi\u00f3n: Bluetooth 5.3, cancelaci\u00f3n de ruido ambiental de 4 micr\u00f3fonos para llamadas<br \/>\nCompatibilidad: iOS y Android<br \/>\nBater\u00eda: Auricular 35 mAh &#8211; Estuche de carga 400 mAh<br \/>\nOtros: IPX7<\/p>\n<p><strong>NOTA: (CONSULTAR DISPONIBILIDAD DE COLORES A TRAV\u00c9S DE NUESTRO WHATSAPP ANTES DE REALIZAR TU COMPRA)<\/strong><\/p>\n","protected":false},"excerpt":{"rendered":"<p>Peso: Auricular 4,1gr &#8211; Estuche de carga 40gr Conexi\u00f3n: Bluetooth 5.3, cancelaci\u00f3n de ruido ambiental de 4 micr\u00f3fonos para llamadas Compatibilidad: iOS y Android Bater\u00eda: Auricular 35 mAh &#8211; Estuche de carga 400 mAh Otros: IPX7 NOTA: (CONSULTAR DISPONIBILIDAD DE COLORES A TRAV\u00c9S DE NUESTRO WHATSAPP ANTES DE REALIZAR TU COMPRA)<\/p>\n","protected":false},"featured_media":1061,"comment_status":"open","ping_status":"closed","template":"","meta":[],"product_brand":[],"product_cat":[65,69],"product_tag":[],"class_list":{"0":"post-1060","1":"product","2":"type-product","3":"status-publish","4":"has-post-thumbnail","6":"product_cat-audifonos","7":"product_cat-blackview-audifonos","9":"first","10":"instock","11":"shipping-taxable","12":"product-type-simple"},"_links":{"self":[{"href":"https:\/\/skyphone.ec\/index.php\/wp-json\/wp\/v2\/product\/1060","targetHints":{"allow":["GET"]}}],"collection":[{"href":"https:\/\/skyphone.ec\/index.php\/wp-json\/wp\/v2\/product"}],"about":[{"href":"https:\/\/skyphone.ec\/index.php\/wp-json\/wp\/v2\/types\/product"}],"replies":[{"embeddable":true,"href":"https:\/\/skyphone.ec\/index.php\/wp-json\/wp\/v2\/comments?post=1060"}],"wp:featuredmedia":[{"embeddable":true,"href":"https:\/\/skyphone.ec\/index.php\/wp-json\/wp\/v2\/media\/1061"}],"wp:attachment":[{"href":"https:\/\/skyphone.ec\/index.php\/wp-json\/wp\/v2\/media?parent=1060"}],"wp:term":[{"taxonomy":"product_brand","embeddable":true,"href":"https:\/\/skyphone.ec\/index.php\/wp-json\/wp\/v2\/product_brand?post=1060"},{"taxonomy":"product_cat","embeddable":true,"href":"https:\/\/skyphone.ec\/index.php\/wp-json\/wp\/v2\/product_cat?post=1060"},{"taxonomy":"product_tag","embeddable":true,"href":"https:\/\/skyphone.ec\/index.php\/wp-json\/wp\/v2\/product_tag?post=1060"}],"curies":[{"name":"wp","href":"https:\/\/api.w.org\/{rel}","templated":true}]}}