{"id":1048,"date":"2026-01-23T21:37:59","date_gmt":"2026-01-23T21:37:59","guid":{"rendered":"https:\/\/skyphone.ec\/?post_type=product&#038;p=1048"},"modified":"2026-01-23T21:44:25","modified_gmt":"2026-01-23T21:44:25","slug":"blackview-tab-link8wifi","status":"publish","type":"product","link":"https:\/\/skyphone.ec\/index.php\/producto\/blackview-tab-link8wifi\/","title":{"rendered":"Blackview Tab Link 8 Wifi"},"content":{"rendered":"<p>Pantalla: 12.7&#8243; 1600 x 2160<br \/>\nProcesador: <span class=\"short__values\"><span class=\"short__main_value\">MediaTek Helio G100 MT6789H<\/span><\/span><br \/>\nRAM: 6GB\/12GB<br \/>\nAlmacenamiento: 256GB Expandible hasta 2TB<br \/>\nC\u00e1mara frontal: 13MP<br \/>\nC\u00e1mara trasera: 16MP<br \/>\nBater\u00eda: 8.400 mAh Carga R\u00e1pida<br \/>\nSO: Android 15<br \/>\nOtros: Estuche protector, Modo PC<\/p>\n<p><strong>NOTA: (CONSULTAR DISPONIBILIDAD DE COLORES A TRAVES DE NUESTRO WHATSAPP ANTES DE REALIZAR TU COMPRA)<\/strong><\/p>\n","protected":false},"excerpt":{"rendered":"<p>Pantalla: 12.7&#8243; 1600 x 2160 Procesador: MediaTek Helio G100 MT6789H RAM: 6GB\/12GB Almacenamiento: 256GB Expandible hasta 2TB C\u00e1mara frontal: 13MP C\u00e1mara trasera: 16MP Bater\u00eda: 8.400 mAh Carga R\u00e1pida SO: Android 15 Otros: Estuche protector, Modo PC NOTA: (CONSULTAR DISPONIBILIDAD DE COLORES A TRAVES DE NUESTRO WHATSAPP ANTES DE REALIZAR TU COMPRA)<\/p>\n","protected":false},"featured_media":1049,"comment_status":"open","ping_status":"closed","template":"","meta":[],"product_brand":[],"product_cat":[50,53],"product_tag":[],"class_list":{"0":"post-1048","1":"product","2":"type-product","3":"status-publish","4":"has-post-thumbnail","6":"product_cat-tablets","7":"product_cat-blackview-tablets","9":"first","10":"instock","11":"shipping-taxable","12":"product-type-simple"},"_links":{"self":[{"href":"https:\/\/skyphone.ec\/index.php\/wp-json\/wp\/v2\/product\/1048","targetHints":{"allow":["GET"]}}],"collection":[{"href":"https:\/\/skyphone.ec\/index.php\/wp-json\/wp\/v2\/product"}],"about":[{"href":"https:\/\/skyphone.ec\/index.php\/wp-json\/wp\/v2\/types\/product"}],"replies":[{"embeddable":true,"href":"https:\/\/skyphone.ec\/index.php\/wp-json\/wp\/v2\/comments?post=1048"}],"wp:featuredmedia":[{"embeddable":true,"href":"https:\/\/skyphone.ec\/index.php\/wp-json\/wp\/v2\/media\/1049"}],"wp:attachment":[{"href":"https:\/\/skyphone.ec\/index.php\/wp-json\/wp\/v2\/media?parent=1048"}],"wp:term":[{"taxonomy":"product_brand","embeddable":true,"href":"https:\/\/skyphone.ec\/index.php\/wp-json\/wp\/v2\/product_brand?post=1048"},{"taxonomy":"product_cat","embeddable":true,"href":"https:\/\/skyphone.ec\/index.php\/wp-json\/wp\/v2\/product_cat?post=1048"},{"taxonomy":"product_tag","embeddable":true,"href":"https:\/\/skyphone.ec\/index.php\/wp-json\/wp\/v2\/product_tag?post=1048"}],"curies":[{"name":"wp","href":"https:\/\/api.w.org\/{rel}","templated":true}]}}