{"id":1046,"date":"2026-01-23T21:29:53","date_gmt":"2026-01-23T21:29:53","guid":{"rendered":"https:\/\/skyphone.ec\/?post_type=product&#038;p=1046"},"modified":"2026-04-01T22:53:16","modified_gmt":"2026-04-01T22:53:16","slug":"blackview-tabmega2wifi","status":"publish","type":"product","link":"https:\/\/skyphone.ec\/index.php\/producto\/blackview-tabmega2wifi\/","title":{"rendered":"Blackview Tab Mega 2 Wifi"},"content":{"rendered":"<p>Pantalla: 12&#8243; 1200 x 2000<br \/>\nProcesador: UNISOC T615<br \/>\nRAM: 12GB<br \/>\nAlmacenamiento: 256GB Expandible hasta 2TB<br \/>\nC\u00e1mara frontal: 8MP<br \/>\nC\u00e1mara trasera: 16MP<br \/>\nBater\u00eda: 9.000 mAh Carga: 10W.<br \/>\nSO: Android 15<br \/>\nOtros: Estuche protector, Modo PC<\/p>\n<p><strong>NOTA: (CONSULTAR DISPONIBILIDAD DE COLORES A TRAVES DE NUESTRO WHATSAPP ANTES DE REALIZAR TU COMPRA)<\/strong><\/p>\n","protected":false},"excerpt":{"rendered":"<p>Pantalla: 12&#8243; 1200 x 2000 Procesador: UNISOC T615 RAM: 12GB Almacenamiento: 256GB Expandible hasta 2TB C\u00e1mara frontal: 8MP C\u00e1mara trasera: 16MP Bater\u00eda: 9.000 mAh Carga: 10W. SO: Android 15 Otros: Estuche protector, Modo PC NOTA: (CONSULTAR DISPONIBILIDAD DE COLORES A TRAVES DE NUESTRO WHATSAPP ANTES DE REALIZAR TU COMPRA)<\/p>\n","protected":false},"featured_media":1047,"comment_status":"open","ping_status":"closed","template":"","meta":[],"product_brand":[],"product_cat":[50,53],"product_tag":[],"class_list":{"0":"post-1046","1":"product","2":"type-product","3":"status-publish","4":"has-post-thumbnail","6":"product_cat-tablets","7":"product_cat-blackview-tablets","9":"first","10":"instock","11":"shipping-taxable","12":"product-type-simple"},"_links":{"self":[{"href":"https:\/\/skyphone.ec\/index.php\/wp-json\/wp\/v2\/product\/1046","targetHints":{"allow":["GET"]}}],"collection":[{"href":"https:\/\/skyphone.ec\/index.php\/wp-json\/wp\/v2\/product"}],"about":[{"href":"https:\/\/skyphone.ec\/index.php\/wp-json\/wp\/v2\/types\/product"}],"replies":[{"embeddable":true,"href":"https:\/\/skyphone.ec\/index.php\/wp-json\/wp\/v2\/comments?post=1046"}],"wp:featuredmedia":[{"embeddable":true,"href":"https:\/\/skyphone.ec\/index.php\/wp-json\/wp\/v2\/media\/1047"}],"wp:attachment":[{"href":"https:\/\/skyphone.ec\/index.php\/wp-json\/wp\/v2\/media?parent=1046"}],"wp:term":[{"taxonomy":"product_brand","embeddable":true,"href":"https:\/\/skyphone.ec\/index.php\/wp-json\/wp\/v2\/product_brand?post=1046"},{"taxonomy":"product_cat","embeddable":true,"href":"https:\/\/skyphone.ec\/index.php\/wp-json\/wp\/v2\/product_cat?post=1046"},{"taxonomy":"product_tag","embeddable":true,"href":"https:\/\/skyphone.ec\/index.php\/wp-json\/wp\/v2\/product_tag?post=1046"}],"curies":[{"name":"wp","href":"https:\/\/api.w.org\/{rel}","templated":true}]}}