{"id":1044,"date":"2026-01-23T21:10:57","date_gmt":"2026-01-23T21:10:57","guid":{"rendered":"https:\/\/skyphone.ec\/?post_type=product&#038;p=1044"},"modified":"2026-03-14T15:44:18","modified_gmt":"2026-03-14T15:44:18","slug":"blackview-bv4800pro","status":"publish","type":"product","link":"https:\/\/skyphone.ec\/index.php\/producto\/blackview-bv4800pro\/","title":{"rendered":"Blackview BV4800 Pro"},"content":{"rendered":"<p>Pantalla: 6.56&#8243; AMOLED 720 x 1612<br \/>\nProcesador: Unisoc T616<br \/>\nRAM: 4<br \/>\nAlmacenamiento: 128GB<br \/>\nC\u00e1mara frontal: 8MP<br \/>\nC\u00e1mara trasera: 16MP + 2MP<br \/>\nBater\u00eda: 5.180 mAh Carga: 10W<br \/>\nSO: Android 14<br \/>\nOtros: <span dir=\"auto\">Resistente al agua y al polvo (chorros de agua a alta presi\u00f3n; sumergible hasta 1,5 m durante 30 min)<\/span><br \/>\n<span dir=\"auto\">Resistente a ca\u00eddas de hasta 1,5 m<\/span><br \/>\n<span dir=\"auto\">Cumple con certificaci\u00f3n militar MIL-STD-810H (IP68\/IP69K)<\/span><\/p>\n<p><strong>NOTA: (CONSULTA DISPONIBILIDAD DE COLORES A TRAVES DE NUESTRO WHATSAPP ANTES DE REALIZAR TU COMPRA)<\/strong><\/p>\n","protected":false},"excerpt":{"rendered":"<p>Pantalla: 6.56&#8243; AMOLED 720 x 1612 Procesador: Unisoc T616 RAM: 4 Almacenamiento: 128GB C\u00e1mara frontal: 8MP C\u00e1mara trasera: 16MP + 2MP Bater\u00eda: 5.180 mAh Carga: 10W SO: Android 14 Otros: Resistente al agua y al polvo (chorros de agua a alta presi\u00f3n; sumergible hasta 1,5 m durante 30 min) Resistente a ca\u00eddas de hasta 1,5 [&hellip;]<\/p>\n","protected":false},"featured_media":1045,"comment_status":"open","ping_status":"closed","template":"","meta":[],"product_brand":[],"product_cat":[32,47],"product_tag":[],"class_list":{"0":"post-1044","1":"product","2":"type-product","3":"status-publish","4":"has-post-thumbnail","6":"product_cat-telefonos","7":"product_cat-blackview","9":"first","10":"instock","11":"shipping-taxable","12":"product-type-simple"},"_links":{"self":[{"href":"https:\/\/skyphone.ec\/index.php\/wp-json\/wp\/v2\/product\/1044","targetHints":{"allow":["GET"]}}],"collection":[{"href":"https:\/\/skyphone.ec\/index.php\/wp-json\/wp\/v2\/product"}],"about":[{"href":"https:\/\/skyphone.ec\/index.php\/wp-json\/wp\/v2\/types\/product"}],"replies":[{"embeddable":true,"href":"https:\/\/skyphone.ec\/index.php\/wp-json\/wp\/v2\/comments?post=1044"}],"wp:featuredmedia":[{"embeddable":true,"href":"https:\/\/skyphone.ec\/index.php\/wp-json\/wp\/v2\/media\/1045"}],"wp:attachment":[{"href":"https:\/\/skyphone.ec\/index.php\/wp-json\/wp\/v2\/media?parent=1044"}],"wp:term":[{"taxonomy":"product_brand","embeddable":true,"href":"https:\/\/skyphone.ec\/index.php\/wp-json\/wp\/v2\/product_brand?post=1044"},{"taxonomy":"product_cat","embeddable":true,"href":"https:\/\/skyphone.ec\/index.php\/wp-json\/wp\/v2\/product_cat?post=1044"},{"taxonomy":"product_tag","embeddable":true,"href":"https:\/\/skyphone.ec\/index.php\/wp-json\/wp\/v2\/product_tag?post=1044"}],"curies":[{"name":"wp","href":"https:\/\/api.w.org\/{rel}","templated":true}]}}