{"id":1032,"date":"2026-01-23T19:05:58","date_gmt":"2026-01-23T19:05:58","guid":{"rendered":"https:\/\/skyphone.ec\/?post_type=product&#038;p=1032"},"modified":"2026-01-28T19:52:39","modified_gmt":"2026-01-28T19:52:39","slug":"xiaomi-buds-5-pro","status":"publish","type":"product","link":"https:\/\/skyphone.ec\/index.php\/producto\/xiaomi-buds-5-pro\/","title":{"rendered":"Xiaomi Buds 5 pro"},"content":{"rendered":"<p>Dimensiones: Auriculares 47,5\u00a0x\u00a041,1\u00a0x\u00a010,5\u00a0mm<br \/>\nPeso: Auricular 5,1 g<br \/>\nConexi\u00f3n: Bluetooth Bluetooth 5.3<br \/>\nCompatibilidad: iOS y Android<br \/>\nBater\u00eda: Capacidad de la bater\u00eda: 54 mA\/Estuche de carga: 480mAh<\/p>\n<p>Otros: IP54, Toque y presi\u00f3n, compatible con App Nothing X<\/p>\n<p><strong>NOTA: (CONSULTAR DISPONIBILIDAD DE COLORES A TRAVES DE NUESTRO WHATSAPP ANTES DE REALIZAR TU COMPRA)<\/strong><\/p>\n","protected":false},"excerpt":{"rendered":"<p>Dimensiones: Auriculares 47,5\u00a0x\u00a041,1\u00a0x\u00a010,5\u00a0mm Peso: Auricular 5,1 g Conexi\u00f3n: Bluetooth Bluetooth 5.3 Compatibilidad: iOS y Android Bater\u00eda: Capacidad de la bater\u00eda: 54 mA\/Estuche de carga: 480mAh Otros: IP54, Toque y presi\u00f3n, compatible con App Nothing X NOTA: (CONSULTAR DISPONIBILIDAD DE COLORES A TRAVES DE NUESTRO WHATSAPP ANTES DE REALIZAR TU COMPRA)<\/p>\n","protected":false},"featured_media":1033,"comment_status":"open","ping_status":"closed","template":"","meta":[],"product_brand":[],"product_cat":[65,70,61],"product_tag":[],"class_list":{"0":"post-1032","1":"product","2":"type-product","3":"status-publish","4":"has-post-thumbnail","6":"product_cat-audifonos","7":"product_cat-otras-marcas-audifonos","8":"product_cat-xiaomi-smartwatch","10":"first","11":"instock","12":"shipping-taxable","13":"product-type-simple"},"_links":{"self":[{"href":"https:\/\/skyphone.ec\/index.php\/wp-json\/wp\/v2\/product\/1032","targetHints":{"allow":["GET"]}}],"collection":[{"href":"https:\/\/skyphone.ec\/index.php\/wp-json\/wp\/v2\/product"}],"about":[{"href":"https:\/\/skyphone.ec\/index.php\/wp-json\/wp\/v2\/types\/product"}],"replies":[{"embeddable":true,"href":"https:\/\/skyphone.ec\/index.php\/wp-json\/wp\/v2\/comments?post=1032"}],"wp:featuredmedia":[{"embeddable":true,"href":"https:\/\/skyphone.ec\/index.php\/wp-json\/wp\/v2\/media\/1033"}],"wp:attachment":[{"href":"https:\/\/skyphone.ec\/index.php\/wp-json\/wp\/v2\/media?parent=1032"}],"wp:term":[{"taxonomy":"product_brand","embeddable":true,"href":"https:\/\/skyphone.ec\/index.php\/wp-json\/wp\/v2\/product_brand?post=1032"},{"taxonomy":"product_cat","embeddable":true,"href":"https:\/\/skyphone.ec\/index.php\/wp-json\/wp\/v2\/product_cat?post=1032"},{"taxonomy":"product_tag","embeddable":true,"href":"https:\/\/skyphone.ec\/index.php\/wp-json\/wp\/v2\/product_tag?post=1032"}],"curies":[{"name":"wp","href":"https:\/\/api.w.org\/{rel}","templated":true}]}}