{"id":1030,"date":"2026-01-23T18:54:00","date_gmt":"2026-01-23T18:54:00","guid":{"rendered":"https:\/\/skyphone.ec\/?post_type=product&#038;p=1030"},"modified":"2026-01-23T19:04:02","modified_gmt":"2026-01-23T19:04:02","slug":"redmi-watch-4-3","status":"publish","type":"product","link":"https:\/\/skyphone.ec\/index.php\/producto\/redmi-watch-4-3\/","title":{"rendered":"Redmi Watch 4"},"content":{"rendered":"<p><strong>Caracter\u00edsticas:<\/strong><\/p>\n<p>Dimensi\u00f3n:1,97 pulgadas<br \/>\nPeso: 31gr<br \/>\nPantalla: AMOLED 47,5 \u00d7 41,1 \u00d7 10,5 mm<br \/>\nSensores: Sensor de frecuencia cardiaca, Aceler\u00f3metro, Giroscopio, Sensor de luz ambiental, Br\u00fajula electr\u00f3nica, Sensor Hall<br \/>\nConectividad: Bluetooth 5.3, GPS, Galileo, Glonass, BeiDou, QZSS<br \/>\nBater\u00eda: 470 mAh &#8211; Hasta 20 d\u00edas uso normal<br \/>\nResistencia: IP68<br \/>\nCompatibilidad: iOS y Android<br \/>\nOtros:150 modos deportivos, Medici\u00f3n de ox\u00edgeno en sangre, Llamadas Bluetooth NFC, Marco de aleaci\u00f3n de aluminio.<\/p>\n<p><strong>NOTA: (CONSULTAR DISPONIBILIDAD DE COLORES A TRAVES DE NUESTRO WHATSAPP ANTES DE REALIZAR TU COMPRA)<\/strong><\/p>\n","protected":false},"excerpt":{"rendered":"<p>Caracter\u00edsticas: Dimensi\u00f3n:1,97 pulgadas Peso: 31gr Pantalla: AMOLED 47,5 \u00d7 41,1 \u00d7 10,5 mm Sensores: Sensor de frecuencia cardiaca, Aceler\u00f3metro, Giroscopio, Sensor de luz ambiental, Br\u00fajula electr\u00f3nica, Sensor Hall Conectividad: Bluetooth 5.3, GPS, Galileo, Glonass, BeiDou, QZSS Bater\u00eda: 470 mAh &#8211; Hasta 20 d\u00edas uso normal Resistencia: IP68 Compatibilidad: iOS y Android Otros:150 modos deportivos, Medici\u00f3n [&hellip;]<\/p>\n","protected":false},"featured_media":1031,"comment_status":"open","ping_status":"closed","template":"","meta":[],"product_brand":[],"product_cat":[56,61],"product_tag":[],"class_list":{"0":"post-1030","1":"product","2":"type-product","3":"status-publish","4":"has-post-thumbnail","6":"product_cat-smartwatch","7":"product_cat-xiaomi-smartwatch","9":"first","10":"instock","11":"shipping-taxable","12":"product-type-simple"},"_links":{"self":[{"href":"https:\/\/skyphone.ec\/index.php\/wp-json\/wp\/v2\/product\/1030","targetHints":{"allow":["GET"]}}],"collection":[{"href":"https:\/\/skyphone.ec\/index.php\/wp-json\/wp\/v2\/product"}],"about":[{"href":"https:\/\/skyphone.ec\/index.php\/wp-json\/wp\/v2\/types\/product"}],"replies":[{"embeddable":true,"href":"https:\/\/skyphone.ec\/index.php\/wp-json\/wp\/v2\/comments?post=1030"}],"wp:featuredmedia":[{"embeddable":true,"href":"https:\/\/skyphone.ec\/index.php\/wp-json\/wp\/v2\/media\/1031"}],"wp:attachment":[{"href":"https:\/\/skyphone.ec\/index.php\/wp-json\/wp\/v2\/media?parent=1030"}],"wp:term":[{"taxonomy":"product_brand","embeddable":true,"href":"https:\/\/skyphone.ec\/index.php\/wp-json\/wp\/v2\/product_brand?post=1030"},{"taxonomy":"product_cat","embeddable":true,"href":"https:\/\/skyphone.ec\/index.php\/wp-json\/wp\/v2\/product_cat?post=1030"},{"taxonomy":"product_tag","embeddable":true,"href":"https:\/\/skyphone.ec\/index.php\/wp-json\/wp\/v2\/product_tag?post=1030"}],"curies":[{"name":"wp","href":"https:\/\/api.w.org\/{rel}","templated":true}]}}