{"id":1011,"date":"2026-01-21T22:54:02","date_gmt":"2026-01-21T22:54:02","guid":{"rendered":"https:\/\/skyphone.ec\/?post_type=product&#038;p=1011"},"modified":"2026-03-13T16:33:44","modified_gmt":"2026-03-13T16:33:44","slug":"blackview-tab-9wifi","status":"publish","type":"product","link":"https:\/\/skyphone.ec\/index.php\/producto\/blackview-tab-9wifi\/","title":{"rendered":"Blackview Tab 9 Wifi"},"content":{"rendered":"<p>Pantalla: 11&#8243; 1200 x 1920<br \/>\nProcesador: UNISOC T606<br \/>\nRAM: 8GB<br \/>\nAlmacenamiento: 256GB &#8211; Expandible hasta 1TB<br \/>\nC\u00e1mara frontal: 8MP<br \/>\nC\u00e1mara trasera: 13MP<br \/>\nBater\u00eda: 8.200 mAh Carga: 10W.<br \/>\nSO: Android 14<br \/>\nOtros: Estuche protector, Modo PC<\/p>\n<p><strong>NOTA: (CONSULTAR DISPONIBILIDAD DE COLORES A TRAVES DE NUESTRO WHATSAPP ANTES DE REALIZAR TU COMPRA)<\/strong><\/p>\n","protected":false},"excerpt":{"rendered":"<p>Pantalla: 11&#8243; 1200 x 1920 Procesador: UNISOC T606 RAM: 8GB Almacenamiento: 256GB &#8211; Expandible hasta 1TB C\u00e1mara frontal: 8MP C\u00e1mara trasera: 13MP Bater\u00eda: 8.200 mAh Carga: 10W. SO: Android 14 Otros: Estuche protector, Modo PC NOTA: (CONSULTAR DISPONIBILIDAD DE COLORES A TRAVES DE NUESTRO WHATSAPP ANTES DE REALIZAR TU COMPRA)<\/p>\n","protected":false},"featured_media":1012,"comment_status":"open","ping_status":"closed","template":"","meta":[],"product_brand":[28],"product_cat":[50,53],"product_tag":[],"class_list":{"0":"post-1011","1":"product","2":"type-product","3":"status-publish","4":"has-post-thumbnail","6":"product_brand-blackview","7":"product_cat-tablets","8":"product_cat-blackview-tablets","10":"first","11":"instock","12":"shipping-taxable","13":"product-type-simple"},"_links":{"self":[{"href":"https:\/\/skyphone.ec\/index.php\/wp-json\/wp\/v2\/product\/1011","targetHints":{"allow":["GET"]}}],"collection":[{"href":"https:\/\/skyphone.ec\/index.php\/wp-json\/wp\/v2\/product"}],"about":[{"href":"https:\/\/skyphone.ec\/index.php\/wp-json\/wp\/v2\/types\/product"}],"replies":[{"embeddable":true,"href":"https:\/\/skyphone.ec\/index.php\/wp-json\/wp\/v2\/comments?post=1011"}],"wp:featuredmedia":[{"embeddable":true,"href":"https:\/\/skyphone.ec\/index.php\/wp-json\/wp\/v2\/media\/1012"}],"wp:attachment":[{"href":"https:\/\/skyphone.ec\/index.php\/wp-json\/wp\/v2\/media?parent=1011"}],"wp:term":[{"taxonomy":"product_brand","embeddable":true,"href":"https:\/\/skyphone.ec\/index.php\/wp-json\/wp\/v2\/product_brand?post=1011"},{"taxonomy":"product_cat","embeddable":true,"href":"https:\/\/skyphone.ec\/index.php\/wp-json\/wp\/v2\/product_cat?post=1011"},{"taxonomy":"product_tag","embeddable":true,"href":"https:\/\/skyphone.ec\/index.php\/wp-json\/wp\/v2\/product_tag?post=1011"}],"curies":[{"name":"wp","href":"https:\/\/api.w.org\/{rel}","templated":true}]}}